{"id":9,"date":"2025-10-28T09:16:42","date_gmt":"2025-10-28T12:16:42","guid":{"rendered":"https:\/\/nodo.cc.gob.ar\/asistencia\/?page_id=9"},"modified":"2026-01-27T10:43:36","modified_gmt":"2026-01-27T13:43:36","slug":"elementor-9","status":"publish","type":"page","link":"https:\/\/nodo.cc.gob.ar\/asistencia\/","title":{"rendered":"Bienvenido al NODO Tecnol\u00f3gico SFVC"},"content":{"rendered":"\t\t<div data-elementor-type=\"wp-page\" data-elementor-id=\"9\" class=\"elementor elementor-9\" data-elementor-post-type=\"page\">\n\t\t\t\t\t\t<section class=\"elementor-section elementor-top-section elementor-element elementor-element-13ba1391 elementor-section-boxed elementor-section-height-default elementor-section-height-default\" data-id=\"13ba1391\" data-element_type=\"section\" data-e-type=\"section\">\n\t\t\t\t\t\t<div class=\"elementor-container elementor-column-gap-default\">\n\t\t\t\t\t<div class=\"elementor-column elementor-col-100 elementor-top-column elementor-element elementor-element-dfbe40d\" data-id=\"dfbe40d\" data-element_type=\"column\" data-e-type=\"column\">\n\t\t\t<div class=\"elementor-widget-wrap elementor-element-populated\">\n\t\t\t\t\t\t<div class=\"elementor-element elementor-element-6c53ad28 elementor-widget elementor-widget-image\" data-id=\"6c53ad28\" data-element_type=\"widget\" data-e-type=\"widget\" data-widget_type=\"image.default\">\n\t\t\t\t\t\t\t\t\t\t\t\t\t\t\t<img fetchpriority=\"high\" decoding=\"async\" width=\"512\" height=\"512\" src=\"https:\/\/nodo.cc.gob.ar\/asistencia\/wp-content\/uploads\/2025\/10\/cropped-logo_nodo_tecnologico_catamarca_capital.png\" class=\"attachment-large size-large wp-image-16\" alt=\"\" srcset=\"https:\/\/nodo.cc.gob.ar\/asistencia\/wp-content\/uploads\/2025\/10\/cropped-logo_nodo_tecnologico_catamarca_capital.png 512w, https:\/\/nodo.cc.gob.ar\/asistencia\/wp-content\/uploads\/2025\/10\/cropped-logo_nodo_tecnologico_catamarca_capital-300x300.png 300w, https:\/\/nodo.cc.gob.ar\/asistencia\/wp-content\/uploads\/2025\/10\/cropped-logo_nodo_tecnologico_catamarca_capital-150x150.png 150w\" sizes=\"(max-width: 512px) 100vw, 512px\" \/>\t\t\t\t\t\t\t\t\t\t\t\t\t\t\t<\/div>\n\t\t\t\t<div class=\"elementor-element elementor-element-5b492af7 elementor-widget elementor-widget-heading\" data-id=\"5b492af7\" data-element_type=\"widget\" data-e-type=\"widget\" data-widget_type=\"heading.default\">\n\t\t\t\t\t<h2 class=\"elementor-heading-title elementor-size-default\">Buen d\u00eda, bienvenidas y bienvenidos al NODO.<\/h2>\t\t\t\t<\/div>\n\t\t\t\t<div class=\"elementor-element elementor-element-7a3effdf elementor-widget elementor-widget-heading\" data-id=\"7a3effdf\" data-element_type=\"widget\" data-e-type=\"widget\" data-widget_type=\"heading.default\">\n\t\t\t\t\t<h2 class=\"elementor-heading-title elementor-size-default\">1\u00b0 Ingresa a tu panel con tu <b>DNI<\/b> y la <b>contrase\u00f1a<\/b> que estableciste.<br>\n2\u00b0 Seg\u00fan <b>ingreses<\/b> o <b>egreses<\/b> selecciona el bot\u00f3n correspondiente. <br> 3\u00b0 <b>ESCANEA EL SIGUIENTE QR <\/b><\/h2>\t\t\t\t<\/div>\n\t\t\t\t<div class=\"elementor-element elementor-element-e02a44a elementor-widget elementor-widget-heading\" data-id=\"e02a44a\" data-element_type=\"widget\" data-e-type=\"widget\" data-widget_type=\"heading.default\">\n\t\t\t\t\t<h2 class=\"elementor-heading-title elementor-size-default\"><b style=\"color:orange\">Atenci\u00f3n<\/b>: Si el QR del d\u00eda no aparece deber\u00e1s firmar la planilla en la Direcci\u00f3n de Personal<\/h2>\t\t\t\t<\/div>\n\t\t\t\t<div class=\"elementor-element elementor-element-55722fe9 elementor-widget elementor-widget-shortcode\" data-id=\"55722fe9\" data-element_type=\"widget\" data-e-type=\"widget\" data-widget_type=\"shortcode.default\">\n\t\t\t\t\t\t\t<div class=\"elementor-shortcode\">        <div class=\"asn-kiosk-wrap\" style=\"text-align:center\">\n            <img decoding=\"async\"\n                alt=\"QR del dia\"\n                src=\"https:\/\/quickchart.io\/qr?text=https%3A%2F%2Fnodo.cc.gob.ar%2Fasistencia%2F%3Fasn_qr%3D98c86274fd6111e454b26cd21eac3e08766386c05420e09247893b09a6e82a54&#038;size=300\"\n                style=\"width:320px;height:320px;margin:20px auto;display:block;border:0\"\n            \/>\n            <p style=\"display:none\">\n                QR vigente para hoy (07\/05\/2026)            <\/p>\n        <\/div>\n        <\/div>\n\t\t\t\t\t\t<\/div>\n\t\t\t\t\t<\/div>\n\t\t<\/div>\n\t\t\t\t\t<\/div>\n\t\t<\/section>\n\t\t\t\t<\/div>\n\t\t","protected":false},"excerpt":{"rendered":"<p>Buen d\u00eda, bienvenidas y bienvenidos al NODO. 1\u00b0 Ingresa a tu panel con tu DNI y la contrase\u00f1a que estableciste. 2\u00b0 Seg\u00fan ingreses o egreses selecciona el bot\u00f3n correspondiente. 3\u00b0 ESCANEA EL SIGUIENTE QR Atenci\u00f3n: Si el QR del d\u00eda no aparece deber\u00e1s firmar la planilla en la Direcci\u00f3n de Personal<\/p>\n","protected":false},"author":1,"featured_media":0,"parent":0,"menu_order":0,"comment_status":"closed","ping_status":"closed","template":"elementor_canvas","meta":{"footnotes":""},"class_list":["post-9","page","type-page","status-publish","hentry"],"_links":{"self":[{"href":"https:\/\/nodo.cc.gob.ar\/asistencia\/wp-json\/wp\/v2\/pages\/9","targetHints":{"allow":["GET"]}}],"collection":[{"href":"https:\/\/nodo.cc.gob.ar\/asistencia\/wp-json\/wp\/v2\/pages"}],"about":[{"href":"https:\/\/nodo.cc.gob.ar\/asistencia\/wp-json\/wp\/v2\/types\/page"}],"author":[{"embeddable":true,"href":"https:\/\/nodo.cc.gob.ar\/asistencia\/wp-json\/wp\/v2\/users\/1"}],"replies":[{"embeddable":true,"href":"https:\/\/nodo.cc.gob.ar\/asistencia\/wp-json\/wp\/v2\/comments?post=9"}],"version-history":[{"count":32,"href":"https:\/\/nodo.cc.gob.ar\/asistencia\/wp-json\/wp\/v2\/pages\/9\/revisions"}],"predecessor-version":[{"id":218,"href":"https:\/\/nodo.cc.gob.ar\/asistencia\/wp-json\/wp\/v2\/pages\/9\/revisions\/218"}],"wp:attachment":[{"href":"https:\/\/nodo.cc.gob.ar\/asistencia\/wp-json\/wp\/v2\/media?parent=9"}],"curies":[{"name":"wp","href":"https:\/\/api.w.org\/{rel}","templated":true}]}}